{"id":61,"date":"2020-01-23T18:21:52","date_gmt":"2020-01-23T18:21:52","guid":{"rendered":"https:\/\/demosites.io\/web-agency-gb\/?page_id=61"},"modified":"2026-02-05T11:23:40","modified_gmt":"2026-02-05T11:23:40","slug":"wot-nas","status":"publish","type":"page","link":"http:\/\/zorja.org\/dsb\/wot-nas\/","title":{"rendered":"w\u00f3t nas"},"content":{"rendered":"<div class=\"wp-block-cover alignfull\" style=\"min-height:568px;aspect-ratio:unset;\"><span aria-hidden=\"true\" class=\"wp-block-cover__background has-nv-text-dark-bg-background-color has-background-dim-100 has-background-dim\"><\/span><div class=\"wp-block-cover__inner-container is-layout-flow wp-block-cover-is-layout-flow\">\n<div class=\"wp-block-columns is-layout-flex wp-container-core-columns-is-layout-9d6595d7 wp-block-columns-is-layout-flex\">\n<div class=\"wp-block-column is-layout-flow wp-block-column-is-layout-flow\" style=\"flex-basis:100%\">\n<div class=\"wp-block-group\"><div class=\"wp-block-group__inner-container is-layout-flow wp-block-group-is-layout-flow\">\n<div class=\"wp-block-columns alignwide are-vertically-aligned-center is-layout-flex wp-container-core-columns-is-layout-9d6595d7 wp-block-columns-is-layout-flex\">\n<div class=\"wp-block-column is-vertically-aligned-center is-layout-flow wp-block-column-is-layout-flow\" style=\"flex-basis:50%\"><div class=\"wp-block-image is-resized\">\n<figure class=\"aligncenter size-full\"><img loading=\"lazy\" decoding=\"async\" width=\"500\" height=\"500\" src=\"https:\/\/zorja.org\/wp-content\/uploads\/2025\/10\/Zorja-Logo-7.png\" alt=\"\" class=\"wp-image-1256\" srcset=\"https:\/\/zorja.org\/wp-content\/uploads\/2025\/10\/Zorja-Logo-7.png 500w, https:\/\/zorja.org\/wp-content\/uploads\/2025\/10\/Zorja-Logo-7-300x300.png 300w, https:\/\/zorja.org\/wp-content\/uploads\/2025\/10\/Zorja-Logo-7-150x150.png 150w, https:\/\/zorja.org\/wp-content\/uploads\/2025\/10\/Zorja-Logo-7-12x12.png 12w\" sizes=\"auto, (max-width: 500px) 100vw, 500px\" \/><\/figure>\n<\/div><\/div>\n\n\n\n<div class=\"wp-block-column is-vertically-aligned-center is-layout-flow wp-block-column-is-layout-flow\" style=\"flex-basis:80%\">\n<div style=\"height:43px\" aria-hidden=\"true\" class=\"wp-block-spacer\"><\/div>\n\n\n\n<h1 class=\"wp-block-heading has-nv-dark-bg-color has-text-color\" style=\"font-size:70px;font-style:normal;font-weight:400\">Co zew\u0161ym groni &#8222;Zorja&#8220;?<\/h1>\n\n\n\n<p class=\"has-neve-text-color-color has-text-color\">P\u015bi pytanju za mjenim na\u0161eje misije my smy na to wjelebocne a prastare s\u0142owo starcyli. W\u00f3no se p\u00f3\u015b\u011bgujo na pras\u0142owja\u0144sku r\u011bc a mytologiju. To jo m\u011b sw\u011bckowneje bogowki. W\u00f3no jo we w\u0161yknych s\u0142owja\u0144skich r\u011bcach wjelgin p\u00f3dobne. Rownocasnje pomjenijo \u201cZorja\u201d pow\u0161yknje \u201ecerwje\u0144 na njebju\u201c, ale w\u00f3sebnje te \u201czajt\u0161ne zorja\u201d a stoj tak za zachopje\u0144k nowego dnja, za nowu \u0161ansu. Ako \u017eedno druge s\u0142owo symboliz\u011bruju \"Zorja\" za nas z tym rownocasnje tradiciju a p\u015bichod dolnoserbskeje r\u011bcy a kultury.<\/p>\n<\/div>\n<\/div>\n<\/div><\/div>\n<\/div>\n<\/div>\n<\/div><\/div>\n\n\n\n<div class=\"wp-block-cover alignfull\" style=\"min-height:1267px;aspect-ratio:unset;\"><span aria-hidden=\"true\" class=\"wp-block-cover__background has-nv-dark-bg-background-color has-background-dim-100 has-background-dim\"><\/span><div class=\"wp-block-cover__inner-container is-layout-flow wp-block-cover-is-layout-flow\">\n<div class=\"wp-block-columns are-vertically-aligned-top is-layout-flex wp-container-core-columns-is-layout-9d6595d7 wp-block-columns-is-layout-flex\">\n<div class=\"wp-block-column is-vertically-aligned-top is-layout-flow wp-block-column-is-layout-flow\">\n<div style=\"height:100px\" aria-hidden=\"true\" class=\"wp-block-spacer\"><\/div>\n\n\n\n<figure class=\"wp-block-image size-large is-resized is-style-rounded\"><img loading=\"lazy\" decoding=\"async\" width=\"1024\" height=\"682\" src=\"https:\/\/zorja.org\/wp-content\/uploads\/2022\/11\/interview-2-edited-1024x682.jpg\" alt=\"\" class=\"wp-image-859\" style=\"aspect-ratio:4\/3;object-fit:cover\" srcset=\"https:\/\/zorja.org\/wp-content\/uploads\/2022\/11\/interview-2-edited-1024x682.jpg 1024w, https:\/\/zorja.org\/wp-content\/uploads\/2022\/11\/interview-2-edited-300x200.jpg 300w, https:\/\/zorja.org\/wp-content\/uploads\/2022\/11\/interview-2-edited-768x512.jpg 768w, https:\/\/zorja.org\/wp-content\/uploads\/2022\/11\/interview-2-edited-1536x1023.jpg 1536w, https:\/\/zorja.org\/wp-content\/uploads\/2022\/11\/interview-2-edited-18x12.jpg 18w, https:\/\/zorja.org\/wp-content\/uploads\/2022\/11\/interview-2-edited-930x620.jpg 930w, https:\/\/zorja.org\/wp-content\/uploads\/2022\/11\/interview-2-edited.jpg 1630w\" sizes=\"auto, (max-width: 1024px) 100vw, 1024px\" \/><\/figure>\n\n\n\n<div style=\"height:31px\" aria-hidden=\"true\" class=\"wp-block-spacer\"><\/div>\n\n\n\n<h2 class=\"wp-block-heading has-text-align-center has-nv-text-dark-bg-color has-text-color\" style=\"font-style:normal;font-weight:400\">Maksimilian Hasacki<\/h2>\n\n\n\n<p class=\"has-text-align-center has-medium-font-size\">Projektgr\u00fcnder | Za\u0142o\u017ea\u0155 projekta<\/p>\n\n\n\n<p class=\"has-nv-text-dark-bg-color has-text-color\">-&#8222;Se groni, a\u017e ludy sw\u00f3ju r\u011bc w\u00f3\u017eywiju. Nap\u0161awdu pak jo, a\u017e to r\u011bc jo ta, ako sw\u00f3j lud w\u00f3\u017eywijo.&#8220; &#8211;<\/p>\n\n\n\n<p class=\"has-nv-text-dark-bg-color has-text-color\">&#8211; &#8222;Es wird gesagt, dass Gemeinschaften ihre Sprache revitalisieren. In Wirklichkeit aber ist es die Sprache, welche die Gemeinschaft revitalisiert.&#8220; &#8211;<\/p>\n\n\n\n<p class=\"has-nv-text-dark-bg-color has-text-color\"><strong>Ryan Decaire, Centre for Indigenous Studies and Department of Linguistics, University of Toronto<\/strong><\/p>\n<\/div>\n\n\n\n<div class=\"wp-block-column is-vertically-aligned-top is-layout-flow wp-block-column-is-layout-flow\">\n<div style=\"height:100px\" aria-hidden=\"true\" class=\"wp-block-spacer\"><\/div>\n\n\n<div class=\"wp-block-image is-resized is-style-rounded\">\n<figure class=\"aligncenter size-large\"><img loading=\"lazy\" decoding=\"async\" width=\"1024\" height=\"768\" src=\"https:\/\/zorja.org\/wp-content\/uploads\/2023\/06\/IMG_20210909_194129_14-1024x768.jpg\" alt=\"\" class=\"wp-image-1119\" style=\"aspect-ratio:4\/3;object-fit:cover\" srcset=\"https:\/\/zorja.org\/wp-content\/uploads\/2023\/06\/IMG_20210909_194129_14-1024x768.jpg 1024w, https:\/\/zorja.org\/wp-content\/uploads\/2023\/06\/IMG_20210909_194129_14-300x225.jpg 300w, https:\/\/zorja.org\/wp-content\/uploads\/2023\/06\/IMG_20210909_194129_14-768x576.jpg 768w, https:\/\/zorja.org\/wp-content\/uploads\/2023\/06\/IMG_20210909_194129_14-1536x1152.jpg 1536w, https:\/\/zorja.org\/wp-content\/uploads\/2023\/06\/IMG_20210909_194129_14-2048x1536.jpg 2048w, https:\/\/zorja.org\/wp-content\/uploads\/2023\/06\/IMG_20210909_194129_14-16x12.jpg 16w\" sizes=\"auto, (max-width: 1024px) 100vw, 1024px\" \/><\/figure>\n<\/div>\n\n\n<div style=\"height:36px\" aria-hidden=\"true\" class=\"wp-block-spacer\"><\/div>\n\n\n\n<h2 class=\"wp-block-heading has-text-align-center has-nv-text-dark-bg-color has-text-color\" style=\"font-style:normal;font-weight:400\">Anka Zachariasojc<\/h2>\n\n\n\n<p class=\"has-text-align-center has-medium-font-size\">Sprachtrainerin | R\u011bcna trena\u0155ka<\/p>\n\n\n\n<p class=\"has-nv-text-dark-bg-color has-text-color\">&#8222;Za mnjo stej dolnoserbska r\u011bc a kultura m\u00f3ja domownja. Jo m\u011b w\u011bc wut\u0161oby, to\u015b to zacu\u015be teke drugim dalej dawa\u015b. Nic njejo r\u011bdnjej, ako by\u015b zak\u00f3rjenjony w Dolnej \u0141u\u017eycy a se cu\u015b zw\u011bzane z drugimi lu\u017aimi. Togodla se wup\u0142a\u015bijo, dolnoserbsku r\u011bc wuknu\u015b, wu\u017eywa\u015b a dalej dawa\u015b. Aby my w\u0161ykne m\u011bstno m\u011bli, \u017ao\u017e se doma cujomy.&#8220;<\/p>\n\n\n\n<p class=\"has-nv-text-dark-bg-color has-text-color\">&#8222;F\u00fcr mich sind die niedersorbische Sprache und Kultur meine Heimat und es ist mir eine Herzensangelegenheit, dieses Gef\u00fchl anderen weiterzugeben. Nichts ist sch\u00f6ner, als in der Niederlausitz verwurzelt zu sein und sich mit anderen Menschen verbunden zu f\u00fchlen. Deswegen lohnt es sich, die niedersorbische Sprache zu lernen, zu nutzen und weiterzugeben. Damit wir alle einen Ort haben, an dem wir uns Zuhause f\u00fchlen.&#8220;<\/p>\n<\/div>\n<\/div>\n\n\n\n<div class=\"wp-block-columns is-layout-flex wp-container-core-columns-is-layout-9d6595d7 wp-block-columns-is-layout-flex\">\n<div class=\"wp-block-column is-layout-flow wp-block-column-is-layout-flow\"><div class=\"wp-block-image is-resized is-style-rounded\">\n<figure class=\"aligncenter size-full\"><img loading=\"lazy\" decoding=\"async\" width=\"1280\" height=\"854\" src=\"https:\/\/zorja.org\/wp-content\/uploads\/2025\/10\/PHOTO-2024-11-04-21-49-37sw.jpg\" alt=\"\" class=\"wp-image-1263\" style=\"aspect-ratio:4\/3;object-fit:cover\" srcset=\"https:\/\/zorja.org\/wp-content\/uploads\/2025\/10\/PHOTO-2024-11-04-21-49-37sw.jpg 1280w, https:\/\/zorja.org\/wp-content\/uploads\/2025\/10\/PHOTO-2024-11-04-21-49-37sw-300x200.jpg 300w, https:\/\/zorja.org\/wp-content\/uploads\/2025\/10\/PHOTO-2024-11-04-21-49-37sw-1024x683.jpg 1024w, https:\/\/zorja.org\/wp-content\/uploads\/2025\/10\/PHOTO-2024-11-04-21-49-37sw-768x512.jpg 768w, https:\/\/zorja.org\/wp-content\/uploads\/2025\/10\/PHOTO-2024-11-04-21-49-37sw-18x12.jpg 18w, https:\/\/zorja.org\/wp-content\/uploads\/2025\/10\/PHOTO-2024-11-04-21-49-37sw-930x620.jpg 930w\" sizes=\"auto, (max-width: 1280px) 100vw, 1280px\" \/><\/figure>\n<\/div>\n\n\n<div style=\"height:36px\" aria-hidden=\"true\" class=\"wp-block-spacer\"><\/div>\n\n\n\n<h2 class=\"wp-block-heading has-text-align-center\" style=\"font-style:normal;font-weight:400\">Gregor Wieczorek<\/h2>\n\n\n\n<p class=\"has-text-align-center has-medium-font-size\">Sprachtrainer | R\u011bcny trena\u0155<\/p>\n\n\n\n<p>&#8222;Serbsku r\u011bc pow\u011bda\u015b &#8211; we familiji a we krejzu znatych a p\u015bija\u015below &#8211; to funkcion\u011brujo teke \u017ainsa derje, jolic a\u017e c\u0142owjek to co. Nam jo serbska r\u011bc dotychm\u011bst wjele wjasela wobra\u017ai\u0142a a jano wu\u017eytk p\u015binjas\u0142a. \u0141u\u017eyca mimo sw\u00f3jeje p\u015biro\u017aoneje serbskeje r\u011bcy? To ja njam\u00f3gu a njok sebje pr\u011bdkstaji\u015b.&#8220;<\/p>\n\n\n\n<p>&#8222;Wendisch im Alltag sprechen &#8211; auch in der Familie und im Bekanntenkreis &#8211; das funktioniert auch heute sehr gut, wenn man es nur will. Unserer Familie hat das Wendische so viel Freude beschert und nur Vorteile gebracht. Die Lausitz ohne ihr angestammtes Wendisch? Das kann und will ich mir nicht vorstellen.&#8220;<\/p>\n\n\n\n<div style=\"height:36px\" aria-hidden=\"true\" class=\"wp-block-spacer\"><\/div>\n<\/div>\n\n\n\n<div class=\"wp-block-column is-layout-flow wp-block-column-is-layout-flow\"><div class=\"wp-block-image is-resized is-style-rounded\">\n<figure class=\"aligncenter size-large\"><img loading=\"lazy\" decoding=\"async\" width=\"1024\" height=\"756\" src=\"https:\/\/zorja.org\/wp-content\/uploads\/2023\/04\/150405_75_2-scaled-e1681800876796-1024x756.jpg\" alt=\"\" class=\"wp-image-1102\" style=\"aspect-ratio:4\/3;object-fit:cover\" srcset=\"https:\/\/zorja.org\/wp-content\/uploads\/2023\/04\/150405_75_2-scaled-e1681800876796-1024x756.jpg 1024w, https:\/\/zorja.org\/wp-content\/uploads\/2023\/04\/150405_75_2-scaled-e1681800876796-300x221.jpg 300w, https:\/\/zorja.org\/wp-content\/uploads\/2023\/04\/150405_75_2-scaled-e1681800876796-768x567.jpg 768w, https:\/\/zorja.org\/wp-content\/uploads\/2023\/04\/150405_75_2-scaled-e1681800876796-1536x1134.jpg 1536w, https:\/\/zorja.org\/wp-content\/uploads\/2023\/04\/150405_75_2-scaled-e1681800876796-16x12.jpg 16w, https:\/\/zorja.org\/wp-content\/uploads\/2023\/04\/150405_75_2-scaled-e1681800876796.jpg 1707w\" sizes=\"auto, (max-width: 1024px) 100vw, 1024px\" \/><\/figure>\n<\/div>\n\n\n<div style=\"height:37px\" aria-hidden=\"true\" class=\"wp-block-spacer\"><\/div>\n\n\n\n<h2 class=\"wp-block-heading has-text-align-center\" style=\"font-style:normal;font-weight:400\">Franziska Albertowa<\/h2>\n\n\n\n<p class=\"has-text-align-center has-medium-font-size\">Sprachtrainerin | R\u011bcna trena\u0155ka<\/p>\n\n\n\n<p>&#8222;R\u011bc jo kluc &#8211; k tradicijam, na\u0142ogam a lu\u017aam. B\u017aez serbskeje r\u011bcy jo w\u0161o druge jano prozne&nbsp;zawobalenje. Daj\u015bo nam \u0161ansu projekta &#8222;Zorja&#8220; wu\u017eywa\u015b a drogu do sm\u011bra \u017eyweje dolnoserbskeje r\u011bcy hy\u015b, aby \u017a\u011bry se po\u0142nili a tradicije, na\u0142ogi a r\u011bc zasej gromadu rosli.&#8220;<\/p>\n\n\n\n<p>&#8222;Die Sprache ist der Schl\u00fcssel &#8211; zu Traditionen, Br\u00e4uchen und zu Menschen. Ohne die wendische Sprache ist alles andere nur eine leere H\u00fclle. Lasst uns die Chance des Projektes &#8222;Zorja&#8220; nutzen und den Weg hin zum lebendigen Wendischen gehen, damit die vorhandenen L\u00fccken aufgef\u00fcllt werden und Traditionen, Br\u00e4uche und Sprache wieder zusammenwachsen.&#8220;<\/p>\n<\/div>\n<\/div>\n\n\n\n<div class=\"wp-block-columns is-layout-flex wp-container-core-columns-is-layout-9d6595d7 wp-block-columns-is-layout-flex\">\n<div class=\"wp-block-column is-layout-flow wp-block-column-is-layout-flow\" style=\"flex-basis:50%\"><div class=\"wp-block-image is-resized is-style-rounded\">\n<figure class=\"aligncenter size-full\"><img loading=\"lazy\" decoding=\"async\" width=\"2000\" height=\"1979\" src=\"https:\/\/zorja.org\/wp-content\/uploads\/2026\/01\/IMG_2281_3.jpeg\" alt=\"\" class=\"wp-image-1296\" style=\"aspect-ratio:4\/3;object-fit:cover\" srcset=\"https:\/\/zorja.org\/wp-content\/uploads\/2026\/01\/IMG_2281_3.jpeg 2000w, https:\/\/zorja.org\/wp-content\/uploads\/2026\/01\/IMG_2281_3-300x297.jpeg 300w, https:\/\/zorja.org\/wp-content\/uploads\/2026\/01\/IMG_2281_3-1024x1013.jpeg 1024w, https:\/\/zorja.org\/wp-content\/uploads\/2026\/01\/IMG_2281_3-768x760.jpeg 768w, https:\/\/zorja.org\/wp-content\/uploads\/2026\/01\/IMG_2281_3-1536x1520.jpeg 1536w, https:\/\/zorja.org\/wp-content\/uploads\/2026\/01\/IMG_2281_3-12x12.jpeg 12w\" sizes=\"auto, (max-width: 2000px) 100vw, 2000px\" \/><\/figure>\n<\/div>\n\n\n<div style=\"height:37px\" aria-hidden=\"true\" class=\"wp-block-spacer\"><\/div>\n\n\n\n<h2 class=\"wp-block-heading has-text-align-center\" style=\"font-style:normal;font-weight:400\">P\u011bt\u0161 \u015a\u011b\u017ey\u0144ski<\/h2>\n\n\n\n<p class=\"has-text-align-center has-medium-font-size\">Sprachtrainer | R\u011bcny trena\u0155<\/p>\n\n\n\n<p>&#8222;R\u011bc to jo za mnjo n\u011bco wjele w\u011bcej ako jano komunikaciska sr\u011bdnos\u0107. To jo jaden fascin\u011brujucy, kompleksny system, ako ma nut\u015bi d\u0142ymoke w\u011b\u017aenje, historiju, zacu\u015ba a teke jadnorazowe wi\u017aenje sw\u011bta. R\u011bc nap\u00f3rajo identitu, zgromadnos\u0107 a jo zak\u0142ad za kulturu. A dla togo jo za mnjo wjelgin wa\u017ene, aby se serbska r\u011bc we Dolnej \u0141u\u017eycy nic jano wuchowa\u0142a, ale teke we w\u0161ednem \u017eywjenju aktiwnje a cesto pow\u011bda\u0142a.&#8220;<\/p>\n\n\n\n<p>&#8222;Sprache ist f\u00fcr mich weit mehr als ein blo\u00dfes Kommunikationsmittel \u2013 sie tr\u00e4gt Wissen, Geschichte und eine eigene Sicht auf die Welt. Gerade deshalb ist es mir ein gro\u00dfes Anliegen, dass die Wendische Sprache nicht nur bewahrt, sondern im Alltag aktiv gesprochen wird. Nur als lebendige Sprache kann sie ihre Kraft entfalten und weitergegeben werden.&#8220;<\/p>\n<\/div>\n\n\n\n<div class=\"wp-block-column is-layout-flow wp-block-column-is-layout-flow\" style=\"flex-basis:50%\"><div class=\"wp-block-image is-resized is-style-rounded\">\n<figure class=\"aligncenter size-full\"><img loading=\"lazy\" decoding=\"async\" width=\"1676\" height=\"1508\" src=\"https:\/\/zorja.org\/wp-content\/uploads\/2026\/02\/IMG_1460-scaled-e1770289782544.jpeg\" alt=\"\" class=\"wp-image-1328\" style=\"aspect-ratio:4\/3;object-fit:cover\" srcset=\"https:\/\/zorja.org\/wp-content\/uploads\/2026\/02\/IMG_1460-scaled-e1770289782544.jpeg 1676w, https:\/\/zorja.org\/wp-content\/uploads\/2026\/02\/IMG_1460-scaled-e1770289782544-300x270.jpeg 300w, https:\/\/zorja.org\/wp-content\/uploads\/2026\/02\/IMG_1460-scaled-e1770289782544-1024x921.jpeg 1024w, https:\/\/zorja.org\/wp-content\/uploads\/2026\/02\/IMG_1460-scaled-e1770289782544-768x691.jpeg 768w, https:\/\/zorja.org\/wp-content\/uploads\/2026\/02\/IMG_1460-scaled-e1770289782544-1536x1382.jpeg 1536w, https:\/\/zorja.org\/wp-content\/uploads\/2026\/02\/IMG_1460-scaled-e1770289782544-13x12.jpeg 13w\" sizes=\"auto, (max-width: 1676px) 100vw, 1676px\" \/><\/figure>\n<\/div>\n\n\n<div style=\"height:37px\" aria-hidden=\"true\" class=\"wp-block-spacer\"><\/div>\n\n\n\n<h2 class=\"wp-block-heading has-text-align-center\" style=\"font-style:normal;font-weight:400\">Karlina wuglaric<\/h2>\n\n\n\n<p class=\"has-text-align-center has-medium-font-size\">Projektmanagerin | Projektowa managerka<\/p>\n\n\n\n<p>-&#8222;Z ku\u017edeju r\u011bcu, ako se zgubijo, zgubijo se kusk c\u0142owjeskeje wjelerakos\u0107i.&#8220; \u2013 Fran\u00e7ois Grosjean<br>&#8222;Dolnoserbska r\u011bc jo za mnjo wjele w\u011bcej ako tradicija \u2013 w\u00f3na jo sw\u00f3jske wi\u017aenje na sw\u011bt. M\u011b jo wa\u017ene, a\u017e serbska r\u011bc njew\u00f3stanjo n\u011bkaki muzejowy kusk , ale se zasej ce\u0142o samorozm\u011bjucy do na\u0161ogo w\u0161ednego dnja za\u015b\u011bgnjo. Ja cu, a\u017e r\u011bc a kultura tudy a \u017ains groma\u017ae ros\u0107otej a na\u0161 region sw\u00f3j jadnorazny g\u0142os wobchowajo.&#8220;<\/p>\n\n\n\n<p>-&#8222;Mit jeder Sprache, die verschwindet, geht ein St\u00fcck der menschlichen Vielfalt verloren.&#8220; \u2013 Fran\u00e7ois Grosjean<br>&#8222;Niedersorbisch ist f\u00fcr mich weit mehr als Tradition \u2013 es ist eine eigene Sicht auf die Welt. Mir ist es wichtig, dass das Wendische kein Museumsst\u00fcck bleibt, sondern wieder ganz selbstverst\u00e4ndlich in unseren Alltag einzieht. Ich m\u00f6chte, dass Sprache und Kultur im Hier und Jetzt zusammenwachsen und unsere Region ihre einzigartige Stimme beh\u00e4lt.&#8220;<\/p>\n<\/div>\n<\/div>\n<\/div><\/div>\n\n\n\n<div style=\"height:100px\" aria-hidden=\"true\" class=\"wp-block-spacer\"><\/div>","protected":false},"excerpt":{"rendered":"","protected":false},"author":2,"featured_media":0,"parent":0,"menu_order":0,"comment_status":"closed","ping_status":"closed","template":"","meta":{"neve_meta_sidebar":"default","neve_meta_container":"default","neve_meta_enable_content_width":"on","neve_meta_content_width":100,"neve_meta_title_alignment":"","neve_meta_author_avatar":"","neve_post_elements_order":"","neve_meta_disable_header":"","neve_meta_disable_footer":"","neve_meta_disable_title":"on","footnotes":""},"class_list":["post-61","page","type-page","status-publish","hentry"],"_links":{"self":[{"href":"http:\/\/zorja.org\/dsb\/wp-json\/wp\/v2\/pages\/61","targetHints":{"allow":["GET"]}}],"collection":[{"href":"http:\/\/zorja.org\/dsb\/wp-json\/wp\/v2\/pages"}],"about":[{"href":"http:\/\/zorja.org\/dsb\/wp-json\/wp\/v2\/types\/page"}],"author":[{"embeddable":true,"href":"http:\/\/zorja.org\/dsb\/wp-json\/wp\/v2\/users\/2"}],"replies":[{"embeddable":true,"href":"http:\/\/zorja.org\/dsb\/wp-json\/wp\/v2\/comments?post=61"}],"version-history":[{"count":36,"href":"http:\/\/zorja.org\/dsb\/wp-json\/wp\/v2\/pages\/61\/revisions"}],"predecessor-version":[{"id":1330,"href":"http:\/\/zorja.org\/dsb\/wp-json\/wp\/v2\/pages\/61\/revisions\/1330"}],"wp:attachment":[{"href":"http:\/\/zorja.org\/dsb\/wp-json\/wp\/v2\/media?parent=61"}],"curies":[{"name":"wp","href":"https:\/\/api.w.org\/{rel}","templated":true}]}}