{"id":410,"date":"2020-01-13T11:17:52","date_gmt":"2020-01-13T11:17:52","guid":{"rendered":"https:\/\/demosites.io\/web-agency-gb\/?page_id=5"},"modified":"2025-11-06T09:44:49","modified_gmt":"2025-11-06T09:44:49","slug":"15c42-web-agency-gb-home","status":"publish","type":"page","link":"https:\/\/zorja.org\/dsb\/","title":{"rendered":"start"},"content":{"rendered":"<div class=\"wp-block-cover alignfull is-light\" style=\"min-height:541px;aspect-ratio:unset;\"><video class=\"wp-block-cover__video-background intrinsic-ignore\" autoplay muted loop playsinline src=\"https:\/\/zorja.org\/wp-content\/uploads\/2025\/11\/FullSizeRender.mov\" data-object-fit=\"cover\"><\/video><span aria-hidden=\"true\" class=\"wp-block-cover__background has-neve-text-color-background-color has-background-dim-30 has-background-dim\"><\/span><div class=\"wp-block-cover__inner-container is-layout-flow wp-block-cover-is-layout-flow\">\n<div style=\"height:43px\" aria-hidden=\"true\" class=\"wp-block-spacer\"><\/div>\n\n\n\n<h1 class=\"wp-block-heading has-text-align-center has-nv-text-dark-bg-color has-text-color\" style=\"font-size:110px;font-style:normal;font-weight:400\">Namakaj sw\u00f3ju r\u011bc! <\/h1>\n\n\n\n<h1 class=\"wp-block-heading has-text-align-center has-nv-text-dark-bg-color has-text-color\" style=\"font-size:110px;font-style:normal;font-weight:400\">Finde deine Sprache!<\/h1>\n<\/div><\/div>\n\n\n\n<div style=\"height:44px\" aria-hidden=\"true\" class=\"wp-block-spacer\"><\/div>\n\n\n\n<h2 class=\"wp-block-heading has-text-align-center\" style=\"font-size:45px;font-style:normal;font-weight:400\">Zorja, to jo nowa, njew\u0161edna m\u00f3\u017enos\u0107 k nawuknenju serbskeje r\u011bcy.<\/h2>\n\n\n\n<div style=\"height:0px\" aria-hidden=\"true\" class=\"wp-block-spacer\"><\/div>\n\n\n\n<div class=\"wp-block-columns is-layout-flex wp-container-core-columns-is-layout-9d6595d7 wp-block-columns-is-layout-flex\">\n<div class=\"wp-block-column is-layout-flow wp-block-column-is-layout-flow\">\n<h2 class=\"wp-block-heading has-text-align-center has-neve-text-color-color has-text-color\" style=\"font-size:70px;font-style:normal;font-weight:500\">Imersiwnje<\/h2>\n\n\n\n<p class=\"has-text-align-center\" style=\"font-size:17px\">Zanu\u0155 se do serbskeje r\u011bcy a kultury, dychaj ku\u017edy \u017ae\u0144 we nima. My bu\u017aomy wu\u017eywa\u015b zak\u0142ady p\u015biro\u017abnego p\u015bisw\u00f3jenja r\u011bcy, aby efektiwnje wuknuli.   <\/p>\n\n\n\n<div style=\"height:20px\" aria-hidden=\"true\" class=\"wp-block-spacer\"><\/div>\n<\/div>\n\n\n\n<div class=\"wp-block-column is-layout-flow wp-block-column-is-layout-flow\">\n<h2 class=\"wp-block-heading has-text-align-center has-neve-text-color-color has-text-color\" style=\"font-size:70px;font-style:normal;font-weight:400\">Inowatiwnje<\/h2>\n\n\n\n<p class=\"has-text-align-center\" style=\"font-size:17px\">Projekt \u201eZorja\u201d p\u00f3dp\u011bra se na wjeleserake nazg\u00f3njenja p\u00f3dobnych programow na ce\u0142em sw\u011b\u015be. N\u011bkotare w\u00f3t na\u0161ych inowatiwnych p\u015bistupow su se samo specielnje wuwili w mje\u0144\u0161ynowem konteks\u0107e.<\/p>\n<\/div>\n\n\n\n<div class=\"wp-block-column is-layout-flow wp-block-column-is-layout-flow\">\n<h2 class=\"wp-block-heading has-text-align-center has-neve-text-color-color has-text-color\" style=\"font-size:70px;font-style:normal;font-weight:400\">Intensiwnje<\/h2>\n\n\n\n<p class=\"has-text-align-center\" style=\"font-size:17px\">10 mjasecow, 5 dnjow wob ty\u017ae\u0144, 6 \u0161tundow na \u017ae\u0144. Ze Zorjami dostanjo\u0161 sk\u00f3\u0144cnje cas a resurse za wuknjenje, k\u00f3tare\u017e nap\u0161awdu p\u00f3trjeba\u0161, aby serbsku r\u011bc b\u011b\u017enje pow\u011bda\u0142\/-a.   <\/p>\n\n\n\n<div style=\"height:20px\" aria-hidden=\"true\" class=\"wp-block-spacer\"><\/div>\n<\/div>\n<\/div>\n\n\n\n<div class=\"wp-block-cover alignfull\" style=\"min-height:611px;aspect-ratio:unset;\"><span aria-hidden=\"true\" class=\"wp-block-cover__background has-nv-dark-bg-background-color has-background-dim-100 has-background-dim\"><\/span><div class=\"wp-block-cover__inner-container is-layout-flow wp-block-cover-is-layout-flow\">\n<div class=\"wp-block-group\"><div class=\"wp-block-group__inner-container is-layout-flow wp-block-group-is-layout-flow\">\n<div class=\"wp-block-columns are-vertically-aligned-center is-layout-flex wp-container-core-columns-is-layout-9d6595d7 wp-block-columns-is-layout-flex\">\n<div class=\"wp-block-column is-vertically-aligned-center is-layout-flow wp-block-column-is-layout-flow\" style=\"flex-basis:50%\">\n<div style=\"height:34px\" aria-hidden=\"true\" class=\"wp-block-spacer\"><\/div>\n\n\n<div class=\"wp-block-image is-style-rounded\">\n<figure class=\"aligncenter size-large\"><img loading=\"lazy\" decoding=\"async\" width=\"1024\" height=\"653\" src=\"https:\/\/zorja.org\/wp-content\/uploads\/2022\/09\/6bkphaun4d8-1024x653.jpg\" alt=\"people eating inside of cafeteria during daytime\" class=\"wp-image-492\" srcset=\"https:\/\/zorja.org\/wp-content\/uploads\/2022\/09\/6bkphaun4d8-1024x653.jpg 1024w, https:\/\/zorja.org\/wp-content\/uploads\/2022\/09\/6bkphaun4d8-300x191.jpg 300w, https:\/\/zorja.org\/wp-content\/uploads\/2022\/09\/6bkphaun4d8-768x490.jpg 768w, https:\/\/zorja.org\/wp-content\/uploads\/2022\/09\/6bkphaun4d8-1536x979.jpg 1536w, https:\/\/zorja.org\/wp-content\/uploads\/2022\/09\/6bkphaun4d8.jpg 1600w\" sizes=\"auto, (max-width: 1024px) 100vw, 1024px\" \/><\/figure>\n<\/div><\/div>\n\n\n\n<div class=\"wp-block-column is-vertically-aligned-center is-layout-flow wp-block-column-is-layout-flow\" style=\"flex-basis:50%\">\n<div style=\"height:20px\" aria-hidden=\"true\" class=\"wp-block-spacer\"><\/div>\n\n\n\n<h2 class=\"wp-block-heading has-text-align-left has-nv-text-dark-bg-color has-text-color\" style=\"font-size:70px;font-style:normal;font-weight:400\">Na\u0161a Wizija<\/h2>\n\n\n\n<p class=\"has-text-align-left has-nv-text-dark-bg-color has-text-color\" style=\"font-size:17px\">Nas g\u00f3ni jadna sama wjelika wizija: Dolnoserbska r\u011bc bu\u017ao zasej w\u0161edna r\u011bc. W\u00f3na bu\u017ao w\u0161u\u017ai na na\u0161ych jsach zasej k s\u0142y\u0161anju, l\u011bc doma w familijach, w kafejowni za ro\u017ekom abo na grajkani\u0161\u0107u. Comy k tomu p\u015binosowa\u015b, to\u015b tu wiziju a\u017e do l\u011bta 2050 zwop\u0161awdni\u015b a 1000 nowych pow\u011bda\u0155kow a pow\u011bdarjow wukub\u0142a\u015b. Bu\u017ao\u0161 Ty teke \u017a\u011b\u0142 togo?<\/p>\n\n\n\n<div class=\"wp-block-buttons is-horizontal is-content-justification-left is-layout-flex wp-container-core-buttons-is-layout-7e5fce0a wp-block-buttons-is-layout-flex\"><\/div>\n<\/div>\n<\/div>\n<\/div><\/div>\n<\/div><\/div>\n\n\n\n<div style=\"height:35px\" aria-hidden=\"true\" class=\"wp-block-spacer\"><\/div>\n\n\n\n<div class=\"wp-block-cover alignfull\" style=\"min-height:611px;aspect-ratio:unset;\"><span aria-hidden=\"true\" class=\"wp-block-cover__background has-nv-site-bg-background-color has-background-dim-100 has-background-dim\"><\/span><div class=\"wp-block-cover__inner-container is-layout-flow wp-block-cover-is-layout-flow\">\n<div class=\"wp-block-group\"><div class=\"wp-block-group__inner-container is-layout-flow wp-block-group-is-layout-flow\">\n<div class=\"wp-block-columns are-vertically-aligned-center is-layout-flex wp-container-core-columns-is-layout-9d6595d7 wp-block-columns-is-layout-flex\">\n<div class=\"wp-block-column is-vertically-aligned-center is-layout-flow wp-block-column-is-layout-flow\" style=\"flex-basis:50%\">\n<h2 class=\"wp-block-heading has-text-align-left has-neve-text-color-color has-text-color\" style=\"font-size:70px;font-style:normal;font-weight:400\">Na\u0161a Misija<\/h2>\n\n\n\n<p class=\"has-text-align-left has-neve-text-color-color has-text-color\" style=\"font-size:17px\">Aby na\u0161a wizija se dopo\u0142ni\u0142a, comy \u015bi kradu nowu drogu do dolnoserbskeje r\u011bcy rowna\u015b. Na\u0161a misija jo stw\u00f3rjenje pozitiwnego, intensiwnego a imersiwnego wobsw\u011bta za nawuknjenje r\u011bcy, k\u00f3tary\u017e jo d\u0142ymoko w na\u0161ej kulturje a identi\u015be zak\u00f3rjenjony, aby \u015bi trajne p\u015bisw\u00f3jenje b\u011b\u017enych r\u011bcnych kompetencow zm\u00f3\u017enili. 10 mjasecow, 5 dnjow wob ty\u017ae\u0144, 6 \u0161tundow na \u017ae\u0144 - z wuknjenim, ako baz\u011brujo na kulturje a projektach, z ekskursijami p\u00f3 \u0141u\u017eycy a z tw\u00f3jim r\u011bcnym mentorom. Sk\u00f3ro zg\u00f3nijo\u0161 how w\u011bcej, co pla Zorjow na tebje caka! <\/p>\n\n\n\n<div class=\"wp-block-buttons is-horizontal is-content-justification-left is-layout-flex wp-container-core-buttons-is-layout-7e5fce0a wp-block-buttons-is-layout-flex\"><\/div>\n<\/div>\n\n\n\n<div class=\"wp-block-column is-vertically-aligned-center is-layout-flow wp-block-column-is-layout-flow\" style=\"flex-basis:50%\"><div class=\"wp-block-image is-style-rounded\">\n<figure class=\"aligncenter size-large\"><img loading=\"lazy\" decoding=\"async\" width=\"1277\" height=\"850\" src=\"https:\/\/zorja.org\/wp-content\/uploads\/2022\/10\/2447163-edited-4.jpg\" alt=\"\" class=\"wp-image-529\" srcset=\"https:\/\/zorja.org\/wp-content\/uploads\/2022\/10\/2447163-edited-4.jpg 1277w, https:\/\/zorja.org\/wp-content\/uploads\/2022\/10\/2447163-edited-4-300x200.jpg 300w, https:\/\/zorja.org\/wp-content\/uploads\/2022\/10\/2447163-edited-4-1024x682.jpg 1024w, https:\/\/zorja.org\/wp-content\/uploads\/2022\/10\/2447163-edited-4-768x511.jpg 768w, https:\/\/zorja.org\/wp-content\/uploads\/2022\/10\/2447163-edited-4-930x620.jpg 930w\" sizes=\"auto, (max-width: 1277px) 100vw, 1277px\" \/><\/figure>\n<\/div><\/div>\n<\/div>\n\n\n\n<div style=\"height:0px\" aria-hidden=\"true\" class=\"wp-block-spacer\"><\/div>\n<\/div><\/div>\n<\/div><\/div>\n\n\n\n<div class=\"wp-block-cover alignfull\" style=\"min-height:618px;aspect-ratio:unset;\"><span aria-hidden=\"true\" class=\"wp-block-cover__background has-background-dim-100 has-background-dim\" style=\"background-color:#346053\"><\/span><div class=\"wp-block-cover__inner-container is-layout-flow wp-block-cover-is-layout-flow\">\n<div class=\"wp-block-group\"><div class=\"wp-block-group__inner-container is-layout-flow wp-block-group-is-layout-flow\">\n<div class=\"wp-block-columns are-vertically-aligned-center is-layout-flex wp-container-core-columns-is-layout-9d6595d7 wp-block-columns-is-layout-flex\">\n<div class=\"wp-block-column is-vertically-aligned-center is-layout-flow wp-block-column-is-layout-flow\" style=\"flex-basis:50%\">\n<div style=\"height:43px\" aria-hidden=\"true\" class=\"wp-block-spacer\"><\/div>\n\n\n<div class=\"wp-block-image is-style-rounded\">\n<figure class=\"aligncenter size-large\"><img loading=\"lazy\" decoding=\"async\" width=\"1184\" height=\"790\" src=\"https:\/\/zorja.org\/wp-content\/uploads\/2022\/10\/x8zstuks2pm-e1662559481587-edited.jpg\" alt=\"green plant\" class=\"wp-image-528\" srcset=\"https:\/\/zorja.org\/wp-content\/uploads\/2022\/10\/x8zstuks2pm-e1662559481587-edited.jpg 1184w, https:\/\/zorja.org\/wp-content\/uploads\/2022\/10\/x8zstuks2pm-e1662559481587-edited-300x200.jpg 300w, https:\/\/zorja.org\/wp-content\/uploads\/2022\/10\/x8zstuks2pm-e1662559481587-edited-1024x683.jpg 1024w, https:\/\/zorja.org\/wp-content\/uploads\/2022\/10\/x8zstuks2pm-e1662559481587-edited-768x512.jpg 768w, https:\/\/zorja.org\/wp-content\/uploads\/2022\/10\/x8zstuks2pm-e1662559481587-edited-930x620.jpg 930w\" sizes=\"auto, (max-width: 1184px) 100vw, 1184px\" \/><\/figure>\n<\/div><\/div>\n\n\n\n<div class=\"wp-block-column is-vertically-aligned-center is-layout-flow wp-block-column-is-layout-flow\" style=\"flex-basis:50%\">\n<div style=\"height:16px\" aria-hidden=\"true\" class=\"wp-block-spacer\"><\/div>\n\n\n\n<h2 class=\"wp-block-heading has-text-align-left has-nv-text-dark-bg-color has-text-color\" style=\"font-size:70px;font-style:normal;font-weight:400\">Na\u0161e G\u00f3dnos\u0107i<\/h2>\n\n\n\n<p class=\"has-text-align-left has-nv-text-dark-bg-color has-text-color\" style=\"font-size:17px\">Jano chto\u017e se we sw\u00f3jom wuknje\u0144skem wobsw\u011b\u015be derje cujo, chto\u017e zw\u011b\u017eo z r\u011bcu pozitiwne nazg\u00f3njenja a namakajo wjasele p\u015bi jeje p\u00f3znawanju, m\u00f3\u017eo teke raz b\u011b\u017enje pow\u011bda\u015b a r\u011bc dal\u0161nym lu\u017aam p\u015bibli\u017ey\u015b. To jo \u0161ym wa\u017enjej\u0161e za wobgrozone r\u011bcy ako na\u0161a jo! Togodla p\u00f3dp\u011bra se na\u0161o cynjenje na respekt, ces\u0107enje a w\u011bdobnu zagronitos\u0107 nap\u015be\u015biwo na\u0161ym sobuc\u0142owjekam. Zorja, to stoj za trajny a wjeleraki p\u015bichod ze \u017eyweju serbskeju r\u011bcu!<\/p>\n\n\n\n<div class=\"wp-block-buttons is-horizontal is-content-justification-left is-layout-flex wp-container-core-buttons-is-layout-7e5fce0a wp-block-buttons-is-layout-flex\"><\/div>\n<\/div>\n<\/div>\n<\/div><\/div>\n<\/div><\/div>","protected":false},"excerpt":{"rendered":"<p>Zorja ist ein Neuer, einzigartiger Weg die niedersorbische Sprache zu lernen. Imersiwnje Tauche in die niedersorbische Sprache und Kultur ein, lebe und atme sie jeden Tag. Wir machen uns die Prinzipien des nat\u00fcrlichen Spracherwerbs bestm\u00f6glich zunutze, um effektiv zu lernen. Inowatiwnje Zorja basiert auf den vielf\u00e4ltigen Erfahrungen \u00e4hnlicher Programme auf der ganzen Welt. Einige unserer&hellip;&nbsp;<a href=\"https:\/\/zorja.org\/dsb\/\" rel=\"bookmark\">Read More &raquo;<span class=\"screen-reader-text\">start<\/span><\/a><\/p>","protected":false},"author":2,"featured_media":0,"parent":0,"menu_order":0,"comment_status":"closed","ping_status":"closed","template":"","meta":{"neve_meta_sidebar":"full-width","neve_meta_container":"default","neve_meta_enable_content_width":"on","neve_meta_content_width":100,"neve_meta_title_alignment":"","neve_meta_author_avatar":"","neve_post_elements_order":"","neve_meta_disable_header":"","neve_meta_disable_footer":"","neve_meta_disable_title":"on","footnotes":""},"class_list":["post-410","page","type-page","status-publish","hentry"],"_links":{"self":[{"href":"https:\/\/zorja.org\/dsb\/wp-json\/wp\/v2\/pages\/410","targetHints":{"allow":["GET"]}}],"collection":[{"href":"https:\/\/zorja.org\/dsb\/wp-json\/wp\/v2\/pages"}],"about":[{"href":"https:\/\/zorja.org\/dsb\/wp-json\/wp\/v2\/types\/page"}],"author":[{"embeddable":true,"href":"https:\/\/zorja.org\/dsb\/wp-json\/wp\/v2\/users\/2"}],"replies":[{"embeddable":true,"href":"https:\/\/zorja.org\/dsb\/wp-json\/wp\/v2\/comments?post=410"}],"version-history":[{"count":3,"href":"https:\/\/zorja.org\/dsb\/wp-json\/wp\/v2\/pages\/410\/revisions"}],"predecessor-version":[{"id":1274,"href":"https:\/\/zorja.org\/dsb\/wp-json\/wp\/v2\/pages\/410\/revisions\/1274"}],"wp:attachment":[{"href":"https:\/\/zorja.org\/dsb\/wp-json\/wp\/v2\/media?parent=410"}],"curies":[{"name":"wp","href":"https:\/\/api.w.org\/{rel}","templated":true}]}}