{"id":693,"date":"2022-10-11T11:44:39","date_gmt":"2022-10-11T11:44:39","guid":{"rendered":"https:\/\/zorja.org\/?page_id=693"},"modified":"2026-01-20T19:22:20","modified_gmt":"2026-01-20T19:22:20","slug":"program","status":"publish","type":"page","link":"https:\/\/zorja.org\/dsb\/program\/","title":{"rendered":"Program"},"content":{"rendered":"<div style=\"height:59px\" aria-hidden=\"true\" class=\"wp-block-spacer\"><\/div>\n\n\n\n<div class=\"wp-block-columns is-layout-flex wp-container-core-columns-is-layout-9d6595d7 wp-block-columns-is-layout-flex\">\n<div class=\"wp-block-column is-layout-flow wp-block-column-is-layout-flow\" style=\"flex-basis:40%\">\n<figure data-wp-context=\"{&quot;imageId&quot;:&quot;69eb919f918d1&quot;}\" data-wp-interactive=\"core\/image\" data-wp-key=\"69eb919f918d1\" class=\"wp-block-image size-large is-resized is-style-rounded wp-lightbox-container\"><img loading=\"lazy\" decoding=\"async\" width=\"1366\" height=\"994\" data-wp-class--hide=\"state.isContentHidden\" data-wp-class--show=\"state.isContentVisible\" data-wp-init=\"callbacks.setButtonStyles\" data-wp-on--click=\"actions.showLightbox\" data-wp-on--load=\"callbacks.setButtonStyles\" data-wp-on-window--resize=\"callbacks.setButtonStyles\" src=\"https:\/\/zorja.org\/wp-content\/uploads\/2023\/11\/IMG-20231122-WA0005-edited.jpg\" alt=\"\" class=\"wp-image-1146\" srcset=\"https:\/\/zorja.org\/wp-content\/uploads\/2023\/11\/IMG-20231122-WA0005-edited.jpg 1366w, https:\/\/zorja.org\/wp-content\/uploads\/2023\/11\/IMG-20231122-WA0005-edited-300x218.jpg 300w, https:\/\/zorja.org\/wp-content\/uploads\/2023\/11\/IMG-20231122-WA0005-edited-1024x745.jpg 1024w, https:\/\/zorja.org\/wp-content\/uploads\/2023\/11\/IMG-20231122-WA0005-edited-768x559.jpg 768w, https:\/\/zorja.org\/wp-content\/uploads\/2023\/11\/IMG-20231122-WA0005-edited-16x12.jpg 16w\" sizes=\"auto, (max-width: 1366px) 100vw, 1366px\" \/><button\n\t\t\tclass=\"lightbox-trigger\"\n\t\t\ttype=\"button\"\n\t\t\taria-haspopup=\"dialog\"\n\t\t\taria-label=\"Enlarge\"\n\t\t\tdata-wp-init=\"callbacks.initTriggerButton\"\n\t\t\tdata-wp-on--click=\"actions.showLightbox\"\n\t\t\tdata-wp-style--right=\"state.imageButtonRight\"\n\t\t\tdata-wp-style--top=\"state.imageButtonTop\"\n\t\t>\n\t\t\t<svg xmlns=\"http:\/\/www.w3.org\/2000\/svg\" width=\"12\" height=\"12\" fill=\"none\" viewbox=\"0 0 12 12\">\n\t\t\t\t<path fill=\"#fff\" d=\"M2 0a2 2 0 0 0-2 2v2h1.5V2a.5.5 0 0 1 .5-.5h2V0H2Zm2 10.5H2a.5.5 0 0 1-.5-.5V8H0v2a2 2 0 0 0 2 2h2v-1.5ZM8 12v-1.5h2a.5.5 0 0 0 .5-.5V8H12v2a2 2 0 0 1-2 2H8Zm2-12a2 2 0 0 1 2 2v2h-1.5V2a.5.5 0 0 0-.5-.5H8V0h2Z\" \/>\n\t\t\t<\/svg>\n\t\t<\/button><\/figure>\n\n\n\n<div style=\"height:72px\" aria-hidden=\"true\" class=\"wp-block-spacer\"><\/div>\n\n\n\n<h2 class=\"wp-block-heading\" style=\"font-size:70px;font-style:normal;font-weight:400\">Zorja-program<\/h2>\n\n\n\n<p><strong>Kak d\u0142ujko?<\/strong> 10 mjasecow (30 \u0161tundow\/ty\u017ae\u0144)<\/p>\n\n\n\n<p><strong>Ga?<\/strong> 01.09.2026 &#8211; 30.06.2027<\/p>\n\n\n\n<p><strong>\u0179o?<\/strong> De\u0161no\/Dissen <\/p>\n\n\n\n<p><strong>Cas za p\u00f3\u017eedanja:<\/strong> 22.02.2026<\/p>\n\n\n\n<p><strong>Stipendium:<\/strong>  Zap\u0142a\u015bijo se p\u00f3 p\u015bik\u0142a\u017ae BAF\u00f6G, resp. kazniskego minimalnego myta w\u00f3twisujucy w\u00f3t p\u00f3wo\u0142a\u0144skeje kwalifikacije<\/p>\n<\/div>\n\n\n\n<div class=\"wp-block-column is-layout-flow wp-block-column-is-layout-flow\" style=\"flex-basis:50%\">\n<h2 class=\"wp-block-heading\" style=\"font-size:70px;font-style:normal;font-weight:400\">Co m\u011b ako wob\u017a\u011blnika we Zorjach w\u00f3cakujo?<\/h2>\n\n\n\n<p>We Zorjach jo m\u00f3\u017eno n\u011bco w\u00f3sebnego \u2013 \u017aase\u015b mjasecow groma\u017ae z drugimi wob\u017a\u011blnikami se d\u0142ymoko do serbskeje r\u011bcy a kultury p\u00f3nuri\u015b. Styri r\u011bcne trenarje, tw\u00f3j w\u00f3sobinski km\u00f3t\u0161 (mentor) a samo maminor\u011bcne pow\u011bdarje budu tebje stawnje pomaga\u015b p\u015bi p\u015bisw\u00f3jenju r\u011bcnych kompetencow. We projek\u015be Zorja wu\u017eywamy moderne metody p\u015biro\u017abnego p\u015bisw\u00f3jenja cuzeje r\u011bcy, aby \u015bi zm\u00f3\u017enili efektiwne wuknjenje, a to mimo gramatiskich tabelow abo d\u0142ujkich lis\u0107inow ze s\u0142owami. Zorja baz\u011bruju na w\u0161akorakich nazg\u00f3njenjach p\u00f3dobnych programow na ce\u0142em sw\u011b\u015be \u2013 w\u00f3t bretoniskeje mje\u0144\u0161yny we Francojskej a\u017e do indigenych ludow we p\u00f3dpo\u0142nocnej Americe. <\/p>\n\n\n\n<p>Wjelebocne r\u011bcne, projektowe a kulturne wuknje\u0144ske aktiwity se w\u00f3tm\u011bwaju w\u00f3t septembera a\u017e do junija, w\u00f3t p\u00f3nje\u017aelego a\u017e do p\u011btka, zeg. 9:00 \u2013 15:00. Na\u0161o \u201er\u011bcne gn\u011bzdo\u201c jo we r\u011bdnem historiskem dw\u00f3rje we jsy De\u0161no\/Dissen, na p\u00f3dpo\u0142noc w\u00f3t m\u011bsta Ch\u00f3\u015bebuz\/Cottbus, stakim jo w\u00f3no we centrumje serbskego kulturnego wobce\u0155ka. Wjele ekskursijow p\u00f3 ce\u0142ej \u0141u\u017eycy a praktikum pla serbskeje institucije zm\u00f3\u017enijo tebje d\u0142ymoke p\u00f3gl\u011bdnjenje do serbskego sw\u011bta. Aby tebje zm\u00f3\u017enili wob\u017a\u011blenje se na takem intensiwnem programje, bu\u017aomy tebje p\u015bez te \u017aase\u015b mjasecow financielnje p\u00f3dp\u011bra\u015b ze \u0161tipendiumom. <\/p>\n<\/div>\n<\/div>\n\n\n\n<div style=\"height:30px\" aria-hidden=\"true\" class=\"wp-block-spacer\"><\/div>\n\n\n\n<div class=\"wp-block-cover alignfull\"><span aria-hidden=\"true\" class=\"wp-block-cover__background has-neve-link-hover-color-background-color has-background-dim-100 has-background-dim\"><\/span><div class=\"wp-block-cover__inner-container is-layout-flow wp-block-cover-is-layout-flow\">\n<div style=\"height:68px\" aria-hidden=\"true\" class=\"wp-block-spacer\"><\/div>\n\n\n\n<div class=\"wp-block-columns is-layout-flex wp-container-core-columns-is-layout-9d6595d7 wp-block-columns-is-layout-flex\">\n<div class=\"wp-block-column is-vertically-aligned-center is-layout-flow wp-block-column-is-layout-flow\" style=\"flex-basis:60%\">\n<h2 class=\"wp-block-heading\" style=\"font-size:70px;font-style:normal;font-weight:400\">Kak m\u00f3gu p\u00f3\u017eeda\u015b w\u00f3 m\u011bsto pla Zorjow?<\/h2>\n\n\n\n<p class=\"has-text-align-left\">F\u00fcr den Jahrgang 2026\/2027 kannst du dich bis zum 22. Februar 2026 online bewerben. Beantworte daf\u00fcr einfach die Fragen im <a href=\"https:\/\/zorja.org\/dsb\/procowanje-wo-mestno\/\" data-type=\"page\" data-id=\"884\">Online-Bewerbungsformular<\/a> und lade einen aktuellen Lebenslauf von Dir hoch. Au\u00dferdem wirst Du die M\u00f6glichkeit bekommen, uns in einem freiwilligen Beitrag mehr dar\u00fcber zu erz\u00e4hlen, warum Du Dich der niedersorbischen Sprache und Kultur verbunden f\u00fchlst oder womit Du Dich in den 10 Monaten gern besch\u00e4ftigen w\u00fcrdest. Das Medium w\u00e4hlst Du selbst: ob Text, Audio oder Video ist ganz egal.<\/p>\n\n\n\n<p class=\"has-text-align-left\">Auf Basis der eingegangenen Bewerbungsunterlagen laden wir geeignete Kandidat*innen zu einem Kennenlerngespr\u00e4ch ein. Hier wollen wir mehr \u00fcber Deine bisherigen Ber\u00fchrungspunkte mit dem Sorbischen sowie Deine Motivation und Ziele erfahren. Wie w\u00fcrdest Du als zuk\u00fcnftiger Teil unserer Sprachgemeinschaft gern in der Revitalisierung mitwirken? <\/p>\n<\/div>\n\n\n\n<div class=\"wp-block-column is-vertically-aligned-center is-layout-flow wp-block-column-is-layout-flow\" style=\"flex-basis:50%\"><div class=\"wp-block-image is-resized is-style-rounded\">\n<figure class=\"aligncenter size-large\"><img loading=\"lazy\" decoding=\"async\" width=\"683\" height=\"1024\" src=\"https:\/\/zorja.org\/wp-content\/uploads\/2022\/12\/Woman-using-MacBook-Pro-in-the-cafe_Screenshot-2022-12-15-170219-683x1024.png\" alt=\"\" class=\"wp-image-982\" srcset=\"https:\/\/zorja.org\/wp-content\/uploads\/2022\/12\/Woman-using-MacBook-Pro-in-the-cafe_Screenshot-2022-12-15-170219-683x1024.png 683w, https:\/\/zorja.org\/wp-content\/uploads\/2022\/12\/Woman-using-MacBook-Pro-in-the-cafe_Screenshot-2022-12-15-170219-200x300.png 200w, https:\/\/zorja.org\/wp-content\/uploads\/2022\/12\/Woman-using-MacBook-Pro-in-the-cafe_Screenshot-2022-12-15-170219-768x1152.png 768w, https:\/\/zorja.org\/wp-content\/uploads\/2022\/12\/Woman-using-MacBook-Pro-in-the-cafe_Screenshot-2022-12-15-170219-1024x1536.png 1024w, https:\/\/zorja.org\/wp-content\/uploads\/2022\/12\/Woman-using-MacBook-Pro-in-the-cafe_Screenshot-2022-12-15-170219-1365x2048.png 1365w, https:\/\/zorja.org\/wp-content\/uploads\/2022\/12\/Woman-using-MacBook-Pro-in-the-cafe_Screenshot-2022-12-15-170219-8x12.png 8w\" sizes=\"auto, (max-width: 683px) 100vw, 683px\" \/><\/figure>\n<\/div>\n\n\n<div style=\"height:33px\" aria-hidden=\"true\" class=\"wp-block-spacer\"><\/div>\n<\/div>\n<\/div>\n<\/div><\/div>\n\n\n\n<div style=\"height:31px\" aria-hidden=\"true\" class=\"wp-block-spacer\"><\/div>\n\n\n\n<div style=\"height:28px\" aria-hidden=\"true\" class=\"wp-block-spacer\"><\/div>\n\n\n\n<div class=\"wp-block-columns is-layout-flex wp-container-core-columns-is-layout-9d6595d7 wp-block-columns-is-layout-flex\">\n<div class=\"wp-block-column is-layout-flow wp-block-column-is-layout-flow\">\n<h2 class=\"wp-block-heading has-text-align-left\" style=\"font-size:70px;font-style:normal;font-weight:400\">Kak m\u00f3gu sebje jaden ty\u017ae\u0144 pla Zorjow pr\u011bdkstaji\u015b?<\/h2>\n<\/div>\n<\/div>\n\n\n\n<div class=\"wp-block-columns is-layout-flex wp-container-core-columns-is-layout-9d6595d7 wp-block-columns-is-layout-flex\">\n<div class=\"wp-block-column is-layout-flow wp-block-column-is-layout-flow\" style=\"flex-basis:70%\">\n<figure class=\"wp-block-image size-large is-resized\"><img loading=\"lazy\" decoding=\"async\" width=\"1024\" height=\"691\" src=\"https:\/\/zorja.org\/wp-content\/uploads\/2026\/01\/wuknjenski_plan_v3-4-1024x691.png\" alt=\"\" class=\"wp-image-1314\" srcset=\"https:\/\/zorja.org\/wp-content\/uploads\/2026\/01\/wuknjenski_plan_v3-4-1024x691.png 1024w, https:\/\/zorja.org\/wp-content\/uploads\/2026\/01\/wuknjenski_plan_v3-4-300x202.png 300w, https:\/\/zorja.org\/wp-content\/uploads\/2026\/01\/wuknjenski_plan_v3-4-768x518.png 768w, https:\/\/zorja.org\/wp-content\/uploads\/2026\/01\/wuknjenski_plan_v3-4-1536x1036.png 1536w, https:\/\/zorja.org\/wp-content\/uploads\/2026\/01\/wuknjenski_plan_v3-4-2048x1382.png 2048w, https:\/\/zorja.org\/wp-content\/uploads\/2026\/01\/wuknjenski_plan_v3-4-18x12.png 18w\" sizes=\"auto, (max-width: 1024px) 100vw, 1024px\" \/><\/figure>\n<\/div>\n\n\n\n<div class=\"wp-block-column is-vertically-aligned-center is-layout-flow wp-block-column-is-layout-flow\" style=\"flex-basis:30%\">\n<p>Hier siehst Du einen beispielhaften Lernplan f\u00fcr eine Woche bei Zorja. Diese Form k\u00f6nnte er etwa ab dem 3. Monat des Programms haben. Der Einstiegsunterricht in den ersten zwei Monat gestaltet sich, abh\u00e4ngig von den Vorkenntnissen der Lerngruppe, etwas anders. Als erwachsene, autonome Lernende k\u00f6nnt ihr Euren Lernprozess flexibel und individuell mitgestalten. <\/p>\n<\/div>\n<\/div>\n\n\n\n<div class=\"wp-block-columns is-layout-flex wp-container-core-columns-is-layout-9d6595d7 wp-block-columns-is-layout-flex\">\n<div class=\"wp-block-column is-layout-flow wp-block-column-is-layout-flow\" style=\"flex-basis:33.34%\">\n<p><strong>Organizacija &amp; Aktiwacija<\/strong> &#8211; In unserem t\u00e4glichen Kursbeginn besprechen und planen wir die Tagesaktivit\u00e4ten gemeinsam. Zorja ist ein Pilotprogramm und eure Mitwirkung sowie st\u00e4ndiges Feedback sind entscheidend f\u00fcr den Erfolg!  Zus\u00e4tzlich kommen hier kurze, bewegungsbasierte Lernaktivit\u00e4ten und -spiele zum Einsatz, um euch f\u00fcr den Tag zu \u201caktivieren\u201d. <\/p>\n<\/div>\n\n\n\n<div class=\"wp-block-column is-layout-flow wp-block-column-is-layout-flow\" style=\"flex-basis:33.34%\">\n<p><strong>S\u0142owosk\u0142ad<\/strong> &#8211;  Dieses Modul (dt. &#8222;Wortschatz&#8220;) dient dem gezielten, kontextuellen Erwerb neuer Vokabeln und grammatischer Strukturen. Es kommen anfangs bild- und bewegungsbasierte Techniken zum Einsatz (<strong>ASLA<\/strong>,<strong> TPR<\/strong>), welche zu Storytelling-Aktivit\u00e4ten (<strong>TPRS<\/strong>) \u00fcbergehen. Zunehmend kommt dann auch muttersprachliches Audiomaterial und Literatur zum Einsatz.     <\/p>\n<\/div>\n\n\n\n<div class=\"wp-block-column is-layout-flow wp-block-column-is-layout-flow\" style=\"flex-basis:33.33%\">\n<p><strong>ASLA<\/strong> &#8211; <em>Accelerated Second Language Acquisition<\/em>, eine bildbasierte, immersive Unterrichtstechnik<\/p>\n\n\n\n<p><strong>TPR<\/strong> &#8211; <em>Total Physical Response<\/em>, eine bewegungsbasierte, immersive Unterrichtstechnik<\/p>\n\n\n\n<p><strong>TPRS<\/strong> &#8211; <em>Teaching Proficiency through Reading and Storytelling<\/em><\/p>\n<\/div>\n<\/div>\n\n\n\n<div class=\"wp-block-columns is-layout-flex wp-container-core-columns-is-layout-9d6595d7 wp-block-columns-is-layout-flex\">\n<div class=\"wp-block-column is-layout-flow wp-block-column-is-layout-flow\">\n<p><strong>CLIL<\/strong> &#8211; <em>Content and Language Integrated Learning<\/em> ist ein Lernformat, welches urspr\u00fcnglich aus dem bilingualen Schulunterricht stammt. Hier werden vielf\u00e4ltige Fachinhalte auf Niedersorbisch vermittelt, unter besonderer Ber\u00fccksichtigung des gleichzeitig stattfindenden Spracherwerbs. Die Themen k\u00f6nnen von sorbischer Geschichte bis hin zu selbstgew\u00e4hlten Inhalten reichen, wobei ihr zunehmend auch selbst in die Rolle der Lehrkraft schl\u00fcpft (sog. Lernen durch Lehren). <\/p>\n<\/div>\n\n\n\n<div class=\"wp-block-column is-layout-flow wp-block-column-is-layout-flow\">\n<p><strong>MA &amp; TBMA<\/strong> &#8211; Das Mentor-Apprentice-Modell (MA) wurde im Kontext stark bedrohter, indigener Sprachen in Nordamerika entwickelt. Neben der frei planbaren Zeit mit Euren pers\u00f6nlichen Mentor*innen (welche Niedersorbisch ebenfalls als Zweitsprache gelernt haben), wird es auch teambasierte Einheiten (TBMA) geben. Hierbei kommen Gruppen von jeweils 4 Lernenden, 1 Sprachtrainer*in und 1 Muttersprachler*in zusammen.     <\/p>\n<\/div>\n\n\n\n<div class=\"wp-block-column is-layout-flow wp-block-column-is-layout-flow\">\n<p><strong>Projekt<\/strong> &#8211; In diesem Modul l\u00f6st Ihr, nach dem Prinzip des projektbasierten Lernens, gemeinsam Aufgaben und Probleme durch reale Kommunikation. W\u00e4hrend es sich anfangs eher um kleinere, fiktive Projekte handelt, werden diese mit euren wachsenden Sprachkenntnissen komplexer und k\u00f6nnen von euch selbst gew\u00e4hlt werden. Vielleicht entwickelt Ihr ein neues Brettspiel oder produziert den ersten Podcast auf Niedersorbisch?<\/p>\n<\/div>\n<\/div>\n\n\n\n<div class=\"wp-block-columns is-layout-flex wp-container-core-columns-is-layout-9d6595d7 wp-block-columns-is-layout-flex\">\n<div class=\"wp-block-column is-layout-flow wp-block-column-is-layout-flow\">\n<p><strong>Warjenje &amp; Wobjed<\/strong> &#8211; Beim gemeinsamen <em>wobjed <\/em>(dt. &#8222;Mittagessen&#8220;) h\u00f6rt das Lernen nicht auf! Hier findet sich vielf\u00e4ltiges Vokabular des Alltags im authentischen Kontext, was in konventionellen Sprachkursen oft zu kurz kommt. Einmal pro Woche wollen wir au\u00dferdem gemeinsam <em>wari\u015b<\/em> (dt. &#8222;kochen&#8220;). <\/p>\n<\/div>\n\n\n\n<div class=\"wp-block-column is-layout-flow wp-block-column-is-layout-flow\">\n<p><strong>Lazowa\u0155ski krejz<\/strong> &#8211; Mit fortschreitenden Sprachkenntnisse besch\u00e4ftigen wir uns im <em>lazowa\u0155ski krejz<\/em> (dt. &#8222;Lesekreis&#8220;) mit niedersorbischer Literatur. Alternativ k\u00f6nnen wir uns hier im Sinne einer &#8222;Kreativwerkstatt&#8220; mit verschiedensten Elementen sorbischer Kultur und Volkskunst auseinandersetzen.<\/p>\n<\/div>\n\n\n\n<div class=\"wp-block-column is-layout-flow wp-block-column-is-layout-flow\">\n<p><strong>Ekskursija<\/strong> &#8211; In Anlehnung an das \u201c<em>Land- and Culture-based Learning<\/em>\u201d indigener V\u00f6lker, werden wir regelm\u00e4\u00dfige Exkursionen durch die Lausitz (z. B. in die Natur oder zu kulturellen Veranstaltungen)  als historisches Siedlungsgebiet der sorbischen Volksgruppe unternehmen. <\/p>\n<\/div>\n<\/div>","protected":false},"excerpt":{"rendered":"<p>Auf einen Blick Programmdauer: 10 Monate (Vollzeit) Programmzeitraum: 01.09.2026 &#8211; 30.06.2027 Sprachnest: De\u0161no\/Dissen Bewerbungsfrist: 22.02.2026 Stipendium: in Anlehnung an BAF\u00f6G bzw. gesetzlichen Mindestlohn abh\u00e4ngig von Berufsqualifikation Was erwartet mich als Teilnehmer*in bei Zorja? Bei Zorja bekommst Du die einzigartige M\u00f6glichkeit, gemeinsam zehn Monate lang tief in die niedersorbische Sprache und Kultur einzutauchen. Vier Sprachtrainer*innen, Dein&hellip;&nbsp;<a href=\"https:\/\/zorja.org\/dsb\/program\/\" rel=\"bookmark\">Read More &raquo;<span class=\"screen-reader-text\">Program<\/span><\/a><\/p>","protected":false},"author":2,"featured_media":0,"parent":0,"menu_order":0,"comment_status":"closed","ping_status":"closed","template":"","meta":{"neve_meta_sidebar":"full-width","neve_meta_container":"default","neve_meta_enable_content_width":"on","neve_meta_content_width":100,"neve_meta_title_alignment":"","neve_meta_author_avatar":"","neve_post_elements_order":"","neve_meta_disable_header":"","neve_meta_disable_footer":"","neve_meta_disable_title":"on","footnotes":""},"class_list":["post-693","page","type-page","status-publish","hentry"],"_links":{"self":[{"href":"https:\/\/zorja.org\/dsb\/wp-json\/wp\/v2\/pages\/693","targetHints":{"allow":["GET"]}}],"collection":[{"href":"https:\/\/zorja.org\/dsb\/wp-json\/wp\/v2\/pages"}],"about":[{"href":"https:\/\/zorja.org\/dsb\/wp-json\/wp\/v2\/types\/page"}],"author":[{"embeddable":true,"href":"https:\/\/zorja.org\/dsb\/wp-json\/wp\/v2\/users\/2"}],"replies":[{"embeddable":true,"href":"https:\/\/zorja.org\/dsb\/wp-json\/wp\/v2\/comments?post=693"}],"version-history":[{"count":10,"href":"https:\/\/zorja.org\/dsb\/wp-json\/wp\/v2\/pages\/693\/revisions"}],"predecessor-version":[{"id":1316,"href":"https:\/\/zorja.org\/dsb\/wp-json\/wp\/v2\/pages\/693\/revisions\/1316"}],"wp:attachment":[{"href":"https:\/\/zorja.org\/dsb\/wp-json\/wp\/v2\/media?parent=693"}],"curies":[{"name":"wp","href":"https:\/\/api.w.org\/{rel}","templated":true}]}}